{"id":311,"date":"2024-11-13T17:42:01","date_gmt":"2024-11-13T17:42:01","guid":{"rendered":"https:\/\/kvta.at\/?page_id=311"},"modified":"2024-12-20T07:50:29","modified_gmt":"2024-12-20T07:50:29","slug":"mitglied-werden","status":"publish","type":"page","link":"https:\/\/kvta.at\/mitglied-werden\/","title":{"rendered":"Mitglied werden"},"content":{"rendered":"<p><strong>Mitgliedschaft:<\/strong><\/p>\n<p>Wir suchen Mitglieder um unsere Fachgesellschaft zu verst\u00e4rken!<\/p>\n<p><strong>au\u00dferordentliches Mitglied Lehrtherapeut:in, Lektor:in:<\/strong><\/p>\n<p><em>Was bringt es mir?:<\/em><\/p>\n<ul>\n<li>zuk\u00fcnftige Aufnahme als Lektor:in und Lehrtherapeut:in in den Verein (sobald das Ansuchen im Ministerium erfolgreich angenommen wurde)<\/li>\n<li>Erscheinen in der Mitgliederliste<\/li>\n<\/ul>\n<p><em>Voraussetzungen:<\/em><\/p>\n<ul>\n<li>Eintragung in die Psychotherapeut:innenliste als Verhaltenstherapeut:in seit mindestens f\u00fcnf Jahren;<\/li>\n<li>Psychotherapeutische T\u00e4tigkeit im Sinne von Krankenbehandlung \u00fcber mindestens f\u00fcnf Jahre seit Abschluss<\/li>\n<li>Nachweis der wissenschaftlichen T\u00e4tigkeit und didaktischen Bef\u00e4higung in der methodenspezifischen Ausrichtung in Form von Forschungst\u00e4tigkeit, dokumentierter Reflexion, Vortragst\u00e4tigkeit, publizistischer T\u00e4tigkeit, reflektierter praktischer Anwendung etc.;<\/li>\n<li>F\u00fcr die T\u00e4tigkeit als Lektor:in ist eine Qualifikation von NQR 7 (Master oder Diplom Abschluss) oder dar\u00fcber notwendig<\/li>\n<\/ul>\n<p><em>Wie kann ich Mitglied werden?:<\/em><\/p>\n<ul>\n<li>Antrag auf Mitgliedschaft hier herunterladen: <a href=\"https:\/\/kvta.at\/wp-content\/uploads\/2024\/12\/LTH-ausserordentliches-Mitglied-1.docx\">Antrag au\u00dferordentliches Mitglied<\/a><\/li>\n<li>Ansuchen per mail inkl. aktuellem CV an: <a href=\"mailto:office@kvta.at\">office@kvta.at<\/a> senden<\/li>\n<\/ul>\n<p><strong>ordentliches Mitglied Ausbildungseinrichtung:<\/strong><\/p>\n<p><em>Was bringt es mir\/uns?<\/em><\/p>\n<ul>\n<li>stimmberechtigter Vorstandsitz<\/li>\n<li>gemeinsame und einheitliche Entwicklung und Nutzung von Qualit\u00e4tsstandards, Aufnahmekriterien, Anrechnungsrichtlinien, Organisation und Abhaltung von Approbationspr\u00fcfungen und Entwicklung von Ausbildungscurricula<\/li>\n<li>gemeinsame Fort- und Weiterbildungsprogramme<\/li>\n<li>Koordinierung von Forschungsvorhaben<\/li>\n<\/ul>\n<p><em>Voraussetzungen:<\/em><\/p>\n<ul>\n<li>vom Psychotherapiebeirat anerkannte Ausbildungseinrichtung<\/li>\n<\/ul>\n<p>und\/oder<\/p>\n<ul>\n<li>Universit\u00e4t oder Hochschule mit Master- oder Bachelorstudiengang Psychotherapie<\/li>\n<\/ul>\n<p><em>Wie kann ich Mitglied werden?:<\/em><\/p>\n<ul>\n<li>Antrag auf Mitgliedschaft hier herunterladen: <a href=\"https:\/\/kvta.at\/wp-content\/uploads\/2024\/12\/Mitgliedschaft_Institution.docx\">ordentliche Mitgliedschaft<\/a><\/li>\n<li>Ansuchen per mail an: <a href=\"mailto:office@kvta.at\">office@kvta.at<\/a> senden<\/li>\n<\/ul>\n<p><strong>au\u00dferordentliches Mitglied Psychotherapeut:in\/Verhaltenstherapeut:in:<\/strong><\/p>\n<p><em>Was bringt es mir?:<\/em><\/p>\n<ul>\n<li>Erscheinen in der Mitgliederliste<\/li>\n<li>Informationen zu Fort- und Weiterbildung und berufsrechtlichen Themen<\/li>\n<\/ul>\n<p><em>Voraussetzungen:<\/em><\/p>\n<ul>\n<li>Eintragung in die Psychotherapeut:innenliste als Verhaltenstherapeut:in<\/li>\n<\/ul>\n<p><em>Wie kann ich Mitglied werden?:<\/em><\/p>\n<ul>\n<li>Antrag auf Mitgliedschaft hier herunterladen: <a href=\"https:\/\/kvta.at\/wp-content\/uploads\/2024\/12\/PTH-ausserordentliches-Mitglied-1.docx\">PTH au\u00dferordentliches Mitglied<\/a><\/li>\n<li>Ansuchen per mail inkl. aktuellem CV an: <a href=\"mailto:office@kvta.at\">office@kvta.at<\/a> senden<\/li>\n<\/ul>\n<p><em><strong>au\u00dferordentliches Mitglied Ausbildungskandidat:in:<\/strong><\/em><\/p>\n<p><em>n\u00e4here Informationen folgen in K\u00fcrze<\/em><\/p>\n","protected":false},"excerpt":{"rendered":"<p>Mitgliedschaft: Wir suchen Mitglieder um unsere Fachgesellschaft zu verst\u00e4rken! au\u00dferordentliches Mitglied Lehrtherapeut:in, Lektor:in: Was bringt es mir?: zuk\u00fcnftige Aufnahme als Lektor:in und Lehrtherapeut:in in den Verein (sobald das Ansuchen im Ministerium erfolgreich angenommen wurde) Erscheinen in der Mitgliederliste Voraussetzungen: Eintragung in die Psychotherapeut:innenliste als Verhaltenstherapeut:in seit mindestens f\u00fcnf Jahren; Psychotherapeutische T\u00e4tigkeit im Sinne von Krankenbehandlung &hellip; <\/p>\n<p class=\"link-more\"><a href=\"https:\/\/kvta.at\/mitglied-werden\/\" class=\"more-link\"><span class=\"screen-reader-text\">\u201eMitglied werden\u201c <\/span>weiterlesen<\/a><\/p>\n","protected":false},"author":1,"featured_media":0,"parent":0,"menu_order":0,"comment_status":"closed","ping_status":"closed","template":"","meta":{"_monsterinsights_skip_tracking":false,"_monsterinsights_sitenote_active":false,"_monsterinsights_sitenote_note":"","_monsterinsights_sitenote_category":0,"_uf_show_specific_survey":0,"_uf_disable_surveys":false,"footnotes":""},"class_list":["post-311","page","type-page","status-publish","hentry"],"aioseo_notices":[],"_links":{"self":[{"href":"https:\/\/kvta.at\/wp-json\/wp\/v2\/pages\/311","targetHints":{"allow":["GET"]}}],"collection":[{"href":"https:\/\/kvta.at\/wp-json\/wp\/v2\/pages"}],"about":[{"href":"https:\/\/kvta.at\/wp-json\/wp\/v2\/types\/page"}],"author":[{"embeddable":true,"href":"https:\/\/kvta.at\/wp-json\/wp\/v2\/users\/1"}],"replies":[{"embeddable":true,"href":"https:\/\/kvta.at\/wp-json\/wp\/v2\/comments?post=311"}],"version-history":[{"count":14,"href":"https:\/\/kvta.at\/wp-json\/wp\/v2\/pages\/311\/revisions"}],"predecessor-version":[{"id":439,"href":"https:\/\/kvta.at\/wp-json\/wp\/v2\/pages\/311\/revisions\/439"}],"wp:attachment":[{"href":"https:\/\/kvta.at\/wp-json\/wp\/v2\/media?parent=311"}],"curies":[{"name":"wp","href":"https:\/\/api.w.org\/{rel}","templated":true}]}}